{"id":790,"date":"2023-08-28T03:11:00","date_gmt":"2023-08-28T03:11:00","guid":{"rendered":"https:\/\/sedexpress.cl\/?page_id=790"},"modified":"2023-12-14T18:02:27","modified_gmt":"2023-12-14T18:02:27","slug":"etica-y-probidad","status":"publish","type":"page","link":"https:\/\/sedexpress.cl\/?page_id=790","title":{"rendered":"\u00c9tica y Probidad"},"content":{"rendered":"\n\t<section class=\"section\" id=\"section_726450034\">\n\t\t<div class=\"bg section-bg fill bg-fill  bg-loaded\" >\n\n\t\t\t\n\t\t\t\n\t\t\t\n\n\t\t<\/div>\n\n\t\t\n\n\t\t<div class=\"section-content relative\">\n\t\t\t\n\n\t<div id=\"gap-856806938\" class=\"gap-element clearfix\" style=\"display:block; height:auto;\">\n\t\t\n<style>\n#gap-856806938 {\n  padding-top: 20px;\n}\n@media (min-width:550px) {\n  #gap-856806938 {\n    padding-top: 40px;\n  }\n}\n<\/style>\n\t<\/div>\n\t\n\n<div class=\"row\"  id=\"row-718456868\">\n\n\n\t<div id=\"col-93325879\" class=\"col medium-4 small-12 large-4\"  >\n\t\t\t\t<div class=\"col-inner\"  >\n\t\t\t\n\t\t\t\n\n\t<div id=\"gap-9735370\" class=\"gap-element clearfix hide-for-medium\" style=\"display:block; height:auto;\">\n\t\t\n<style>\n#gap-9735370 {\n  padding-top: 10px;\n}\n<\/style>\n\t<\/div>\n\t\n\n\t<div id=\"text-4092730013\" class=\"text\">\n\t\t\n\n<h3><span class=\"s1\">Codigo de \u00e9tica sedexpress.<\/span><\/h3>\n\t\t\n<style>\n#text-4092730013 {\n  font-size: 1.75rem;\n  line-height: 1.25;\n  color: #0447ba;\n}\n#text-4092730013 > * {\n  color: #0447ba;\n}\n@media (min-width:850px) {\n  #text-4092730013 {\n    line-height: 1.1;\n  }\n}\n<\/style>\n\t<\/div>\n\t\n<a href=\"https:\/\/sedexpress.cl\/nosotros\/\" class=\"button primary is-link lowercase\"  >\n    <span>\u00bfQui\u00e9nes somos?<\/span>\n  <\/a>\n\n\n\n\t\t<\/div>\n\t\t\t\t\n<style>\n#col-93325879 > .col-inner {\n  margin: 0px 0px -20px 0px;\n}\n<\/style>\n\t<\/div>\n\n\t\n\n\t<div id=\"col-447434117\" class=\"col medium-8 small-12 large-8\"  >\n\t\t\t\t<div class=\"col-inner\"  >\n\t\t\t\n\t\t\t\n\n<p class=\"p3\"><strong><span style=\"color: #0447ba;\">\u00bfLa \u00e9tica puede ser considerada una herramienta para lograr la excelencia en el trato con nosotros mismos y con los dem\u00e1s?<\/span><\/strong><\/p>\n<p class=\"p3\">La \u00e9tica es una herramienta que nos condiciona al buen trato, buenas relaciones y buena interrelaci\u00f3n con el mundo que nos rodea. Generando pensamiento, comportamiento y acci\u00f3n positivos.<\/p>\n<p class=\"p5\">Nuestro C\u00f3digo de \u00c9tica tiene por objeto dar a conocer los valores de Sedexpress, representado por el valor del Compromiso con el medio ambiente, el Respeto, la Colaboraci\u00f3n, la Excelencia, la Probidad y honestidad Se debe considerar que este C\u00f3digo de \u00c9tica no garantizar\u00e1 por s\u00ed solo, un actuar \u00e9tico, se requiere de una mejora continua, un trabajo colaborativo de todos los funcionarios quienes integramos Sedexpress. Es as\u00ed como invitamos a nuestros colaboradores a conocer nuestro C\u00f3digo de \u00c9tica y a comprometerse con un trabajo de excelencia, fortalecimiento y mantenci\u00f3n de las buenas pr\u00e1cticas, transparencia y probidad en nuestras tareas, guiados por sus lineamientos para el correcto uso de la informaci\u00f3n reservada de nuestros clientes.<\/p>\n<p class=\"p5\">Garantizamos que la informaci\u00f3n confidencial propia del campo de competencias de nuestra instituci\u00f3n no ser\u00e1 utilizada para fines personales ni para beneficio de otros. Utilizamos con responsabilidad y reserva la informaci\u00f3n confidencial que nos sea asignada para el desarrollo de nuestras actividades, manteniendo la discreci\u00f3n interna.<\/p>\n<p class=\"p5\"><span style=\"color: #0447ba;\"><b>COMPROMISO CON EL MEDIO AMBIENTE<\/b>:<\/span><\/p>\n<p class=\"p5\">Respetamos y cuidamos el medioambiente, a trav\u00e9s de acciones que replicamos de manera constante al interior de Sedexpress con tareas de reciclaje y el uso de elementos biodegradables, nuestro compromiso es alcanzar ciertos porcentajes de cumplimiento en materia de energ\u00edas renovables en plazos ya definidos entendiendo que la electromovilidad es una de las acciones mas determinantes para disminuir los niveles de contaminaci\u00f3n de nuestro pa\u00eds.<\/p>\n<p class=\"p5\"><span style=\"color: #0447ba;\"><b>Respeto:<\/b><\/span><\/p>\n<p class=\"p6\"><span class=\"s2\"> Tratar a cada uno de manera igual, siempre tomando en cuenta sus diferencias<\/span><span class=\"s3\">. Mantener un ambiente de trabajo que favorezca la colaboraci\u00f3n y el respeto mutuo. Proteger la salud, la seguridad y la dignidad de todos los miembros de la organizaci\u00f3n, adem\u00e1s <\/span><span class=\"s2\">El respeto por la <\/span><span class=\"s3\">inclusi\u00f3n va m\u00e1s all\u00e1 de la tolerancia y la comprensi\u00f3n, pues implica reconocer y promover activamente el valor igualitario de todas las personas, sin condescendencia.<\/span><\/p>\n<p class=\"p7\"><span style=\"color: #0447ba;\"><b>Colaboraci\u00f3n:<\/b><\/span><\/p>\n<p class=\"p6\">Como actitud humana, la cooperaci\u00f3n es una\u00a0<span class=\"s2\">forma noble y constructiva de conducta, nos<\/span> mueve a vivir en armon\u00eda con nuestros compa\u00f1eros y semejantes y es una respuesta positiva de la personalidad al medio ambiente y entorno. El sentido cooperativo se revela en m\u00faltiples manifestaciones de nuestra actividad diaria en donde todos los funcionarios de nuestros equipos de trabajo en Sedexpress somos capaces de realizar la tarea de nuestro compa\u00f1ero y no dudamos en capacitarnos para colaborar y desempe\u00f1ar dicha tarea.<\/p>\n<p class=\"p9\"><span style=\"color: #0447ba;\"><b>\u00c9tica y Excelencia:<\/b><\/span><\/p>\n<p class=\"p3\">La \u00e9tica como herramienta de pensamiento, comportamiento y acci\u00f3n positivas cumpliendo las normas que rigen la civilizaci\u00f3n moderna y la realidad actual para alcanzar la Excelencia.<\/p>\n<p class=\"p9\">La excelencia profesional\u00a0<span class=\"s2\">est\u00e1 relacionada a las caracter\u00edsticas sobresalientes de la persona<\/span>. Sin embargo, para alcanzar esta excelencia se requiere disciplina para fortalecer el talento, y la determinaci\u00f3n para experimentar, pues solo las experiencias formar\u00e1n un criterio acerca de los procesos que funcionan, la capacitaci\u00f3n es una constante en Sedexpress pues creemos que es el camino hacia la excelencia.<\/p>\n<p class=\"p9\"><span style=\"color: #0447ba;\"><b>Probidad y honestidad:<\/b><\/span><\/p>\n<p class=\"p10\">El principio de probidad representa el sustento \u00e9tico sobre el cual descansa la honradez y la integridad con la que los profesionales desarrollan su trabajo, se caracteriza por orientar el actuar de las personas en la b\u00fasqueda del bien com\u00fan y posibilita que el ejercicio de la \u00e9tica profesional.<\/p>\n<p class=\"p10\">Una persona proba no abusa, no desprestigia con su actuar y no da\u00f1a intencionalmente a otros como ser humano y profesional, en tanto \u201cla probidad es el segundo valor profesional que no s\u00f3lo es sin\u00f3nimo de honradez, sino que tambi\u00e9n indica que el profesionista reconoce su condici\u00f3n de humano y como tal ejerce la bondad y la benevolencia con los otros\u201d <span class=\"s4\">Mantenemos una conducta honesta e \u00edntegra. Esto implica que el inter\u00e9s com\u00fan prima por sobre el particular y seremos imparciales en el ejercicio de nuestras funciones.<\/span><\/p>\n<div class=\"row\"  id=\"row-1853750521\">\n\n\n\t<div id=\"col-1352878901\" class=\"col medium-6 small-12 large-6\"  >\n\t\t\t\t<div class=\"col-inner text-center\"  >\n\t\t\t\n\t\t\t\n\n<a class=\"button primary is-underline lowercase\"  >\n    <span>Pol\u00edticas de privacidad<\/span>\n  <\/a>\n\n\n\n\t\t<\/div>\n\t\t\t\t\t<\/div>\n\n\t\n\n\t<div id=\"col-1597609014\" class=\"col medium-6 small-12 large-6\"  >\n\t\t\t\t<div class=\"col-inner text-center\"  >\n\t\t\t\n\t\t\t\n\n<a href=\"https:\/\/sedexpress.cl\/politicas-de-servicio\/\" class=\"button primary is-underline lowercase\"  >\n    <span>Pol\u00edticas de servicio<\/span>\n  <\/a>\n\n\n\n\t\t<\/div>\n\t\t\t\t\t<\/div>\n\n\t\n\n<\/div>\n\n\t\t<\/div>\n\t\t\t\t\t<\/div>\n\n\t\n\n<\/div>\n\n\t\t<\/div>\n\n\t\t\n<style>\n#section_726450034 {\n  padding-top: 30px;\n  padding-bottom: 30px;\n}\n<\/style>\n\t<\/section>\n\t\n\n","protected":false},"excerpt":{"rendered":"","protected":false},"author":1,"featured_media":0,"parent":0,"menu_order":0,"comment_status":"closed","ping_status":"closed","template":"","meta":{"_joinchat":[],"footnotes":""},"class_list":["post-790","page","type-page","status-publish","hentry"],"_links":{"self":[{"href":"https:\/\/sedexpress.cl\/index.php?rest_route=\/wp\/v2\/pages\/790","targetHints":{"allow":["GET"]}}],"collection":[{"href":"https:\/\/sedexpress.cl\/index.php?rest_route=\/wp\/v2\/pages"}],"about":[{"href":"https:\/\/sedexpress.cl\/index.php?rest_route=\/wp\/v2\/types\/page"}],"author":[{"embeddable":true,"href":"https:\/\/sedexpress.cl\/index.php?rest_route=\/wp\/v2\/users\/1"}],"replies":[{"embeddable":true,"href":"https:\/\/sedexpress.cl\/index.php?rest_route=%2Fwp%2Fv2%2Fcomments&post=790"}],"version-history":[{"count":16,"href":"https:\/\/sedexpress.cl\/index.php?rest_route=\/wp\/v2\/pages\/790\/revisions"}],"predecessor-version":[{"id":2343,"href":"https:\/\/sedexpress.cl\/index.php?rest_route=\/wp\/v2\/pages\/790\/revisions\/2343"}],"wp:attachment":[{"href":"https:\/\/sedexpress.cl\/index.php?rest_route=%2Fwp%2Fv2%2Fmedia&parent=790"}],"curies":[{"name":"wp","href":"https:\/\/api.w.org\/{rel}","templated":true}]}}